{"id":60,"date":"2025-06-17T17:40:02","date_gmt":"2025-06-17T17:40:02","guid":{"rendered":"https:\/\/dmeunier.dev-campus.fr\/?page_id=60"},"modified":"2026-04-17T11:20:18","modified_gmt":"2026-04-17T11:20:18","slug":"projets","status":"publish","type":"page","link":"https:\/\/dmeunier.dev-campus.fr\/?page_id=60","title":{"rendered":"Projets"},"content":{"rendered":"\t\t<div data-elementor-type=\"wp-page\" data-elementor-id=\"60\" class=\"elementor elementor-60\">\n\t\t\t\t\t\t<section class=\"elementor-section elementor-top-section elementor-element elementor-element-4e41fc04 elementor-section-boxed elementor-section-height-default elementor-section-height-default\" data-id=\"4e41fc04\" data-element_type=\"section\" data-e-type=\"section\" id=\"skills\" data-settings=\"{&quot;background_background&quot;:&quot;gradient&quot;}\">\n\t\t\t\t\t\t<div class=\"elementor-container elementor-column-gap-default\">\n\t\t\t\t\t<div class=\"elementor-column elementor-col-100 elementor-top-column elementor-element elementor-element-68904440\" data-id=\"68904440\" data-element_type=\"column\" data-e-type=\"column\">\n\t\t\t<div class=\"elementor-widget-wrap elementor-element-populated\">\n\t\t\t\t\t\t<div class=\"elementor-element elementor-element-4412daa2 elementor-widget elementor-widget-heading\" data-id=\"4412daa2\" data-element_type=\"widget\" data-e-type=\"widget\" data-widget_type=\"heading.default\">\n\t\t\t\t<div class=\"elementor-widget-container\">\n\t\t\t\t\t<h1 class=\"elementor-heading-title elementor-size-default\">Mes projets d'entreprise<br><\/h1>\t\t\t\t<\/div>\n\t\t\t\t<\/div>\n\t\t\t\t\t<\/div>\n\t\t<\/div>\n\t\t\t\t\t<\/div>\n\t\t<\/section>\n\t\t<div class=\"elementor-element elementor-element-3cb27311 e-grid e-con-boxed e-con e-parent\" data-id=\"3cb27311\" data-element_type=\"container\" data-e-type=\"container\" data-settings=\"{&quot;background_background&quot;:&quot;gradient&quot;}\">\n\t\t\t\t\t<div class=\"e-con-inner\">\n\t\t\t\t<div class=\"elementor-element elementor-element-6d17e626 elementor-position-top elementor-widget elementor-widget-image-box\" data-id=\"6d17e626\" data-element_type=\"widget\" data-e-type=\"widget\" data-widget_type=\"image-box.default\">\n\t\t\t\t<div class=\"elementor-widget-container\">\n\t\t\t\t\t<div class=\"elementor-image-box-wrapper\"><figure class=\"elementor-image-box-img\"><img fetchpriority=\"high\" decoding=\"async\" width=\"693\" height=\"585\" src=\"https:\/\/dmeunier.dev-campus.fr\/wp-content\/uploads\/2025\/06\/Migration-W11.png\" class=\"attachment-full size-full wp-image-188\" alt=\"\" srcset=\"https:\/\/dmeunier.dev-campus.fr\/wp-content\/uploads\/2025\/06\/Migration-W11.png 693w, https:\/\/dmeunier.dev-campus.fr\/wp-content\/uploads\/2025\/06\/Migration-W11-300x253.png 300w\" sizes=\"(max-width: 693px) 100vw, 693px\" \/><\/figure><div class=\"elementor-image-box-content\"><h3 class=\"elementor-image-box-title\">Migration de poste vers Windows 11<\/h3><p class=\"elementor-image-box-description\">Sur les sites de Ch\u00e2teauroux, il y a certains ordinateurs qui ne sont pas encore sous Windows 11. Mon projet est de faire le tableau avec la liste des ordinateurs \u00e0 mettre \u00e0 jour, de planifier les mises \u00e0 jour et pour finir de les lancer.<\/p><\/div><\/div>\t\t\t\t<\/div>\n\t\t\t\t<\/div>\n\t\t\t\t<div class=\"elementor-element elementor-element-4fdc059f elementor-position-top elementor-widget elementor-widget-image-box\" data-id=\"4fdc059f\" data-element_type=\"widget\" data-e-type=\"widget\" data-widget_type=\"image-box.default\">\n\t\t\t\t<div class=\"elementor-widget-container\">\n\t\t\t\t\t<div class=\"elementor-image-box-wrapper\"><figure class=\"elementor-image-box-img\"><a href=\"http:\/\/localhost:63342\/sio2426pokeapi\/index.html?_ijt=onuejvbppp0ur8f2k8rqeh8tl5&#038;_ij_reload=RELOAD_ON_SAVE\" tabindex=\"-1\"><img decoding=\"async\" width=\"600\" height=\"800\" src=\"https:\/\/dmeunier.dev-campus.fr\/wp-content\/uploads\/2025\/06\/Baie-avant.jpg\" class=\"attachment-full size-full wp-image-186\" alt=\"\" srcset=\"https:\/\/dmeunier.dev-campus.fr\/wp-content\/uploads\/2025\/06\/Baie-avant.jpg 600w, https:\/\/dmeunier.dev-campus.fr\/wp-content\/uploads\/2025\/06\/Baie-avant-225x300.jpg 225w\" sizes=\"(max-width: 600px) 100vw, 600px\" \/><\/a><\/figure><div class=\"elementor-image-box-content\"><h3 class=\"elementor-image-box-title\"><a href=\"http:\/\/localhost:63342\/sio2426pokeapi\/index.html?_ijt=onuejvbppp0ur8f2k8rqeh8tl5&#038;_ij_reload=RELOAD_ON_SAVE\">R\u00e9agencement de la Baie<\/a><\/h3><p class=\"elementor-image-box-description\">Sur cette image, on peut voir une baie avec son mat\u00e9riel mal install\u00e9 et un onduleur qui ne fonctionne plus. Mon projet a \u00e9t\u00e9 de changer l'onduleur ainsi que de r\u00e9installer la baie comme il le fallait.<\/p><\/div><\/div>\t\t\t\t<\/div>\n\t\t\t\t<\/div>\n\t\t\t\t<div class=\"elementor-element elementor-element-3a6e3b10 elementor-position-top elementor-widget elementor-widget-image-box\" data-id=\"3a6e3b10\" data-element_type=\"widget\" data-e-type=\"widget\" data-widget_type=\"image-box.default\">\n\t\t\t\t<div class=\"elementor-widget-container\">\n\t\t\t\t\t<div class=\"elementor-image-box-wrapper\"><figure class=\"elementor-image-box-img\"><img decoding=\"async\" width=\"600\" height=\"800\" src=\"https:\/\/dmeunier.dev-campus.fr\/wp-content\/uploads\/2025\/06\/Baie-apres.jpg\" class=\"attachment-full size-full wp-image-185\" alt=\"\" srcset=\"https:\/\/dmeunier.dev-campus.fr\/wp-content\/uploads\/2025\/06\/Baie-apres.jpg 600w, https:\/\/dmeunier.dev-campus.fr\/wp-content\/uploads\/2025\/06\/Baie-apres-225x300.jpg 225w\" sizes=\"(max-width: 600px) 100vw, 600px\" \/><\/figure><div class=\"elementor-image-box-content\"><h3 class=\"elementor-image-box-title\">R\u00e9agencement de la Baie<\/h3><p class=\"elementor-image-box-description\">Ici l'on peut voir un onduleur fonctionnel et les composants de la baie r\u00e9install\u00e9s comme il est n\u00e9cessaire.<\/p><\/div><\/div>\t\t\t\t<\/div>\n\t\t\t\t<\/div>\n\t\t\t\t\t<\/div>\n\t\t\t\t<\/div>\n\t\t\t\t<section class=\"elementor-section elementor-top-section elementor-element elementor-element-31e2bac8 elementor-section-boxed elementor-section-height-default elementor-section-height-default\" data-id=\"31e2bac8\" data-element_type=\"section\" data-e-type=\"section\" data-settings=\"{&quot;background_background&quot;:&quot;gradient&quot;}\">\n\t\t\t\t\t\t<div class=\"elementor-container elementor-column-gap-default\">\n\t\t\t\t\t<div class=\"elementor-column elementor-col-100 elementor-top-column elementor-element elementor-element-7ae3d07e\" data-id=\"7ae3d07e\" data-element_type=\"column\" data-e-type=\"column\">\n\t\t\t<div class=\"elementor-widget-wrap elementor-element-populated\">\n\t\t\t\t\t\t<div class=\"elementor-element elementor-element-7f4e3692 elementor-widget elementor-widget-heading\" data-id=\"7f4e3692\" data-element_type=\"widget\" data-e-type=\"widget\" data-widget_type=\"heading.default\">\n\t\t\t\t<div class=\"elementor-widget-container\">\n\t\t\t\t\t<h1 class=\"elementor-heading-title elementor-size-default\">Mes projets en centre de formation<br><\/h1>\t\t\t\t<\/div>\n\t\t\t\t<\/div>\n\t\t\t\t\t<\/div>\n\t\t<\/div>\n\t\t\t\t\t<\/div>\n\t\t<\/section>\n\t\t<div class=\"elementor-element elementor-element-5acacca e-grid e-con-boxed e-con e-parent\" data-id=\"5acacca\" data-element_type=\"container\" data-e-type=\"container\" data-settings=\"{&quot;background_background&quot;:&quot;gradient&quot;}\">\n\t\t\t\t\t<div class=\"e-con-inner\">\n\t\t\t\t<div class=\"elementor-element elementor-element-1324160 elementor-position-top elementor-widget elementor-widget-image-box\" data-id=\"1324160\" data-element_type=\"widget\" data-e-type=\"widget\" data-widget_type=\"image-box.default\">\n\t\t\t\t<div class=\"elementor-widget-container\">\n\t\t\t\t\t<div class=\"elementor-image-box-wrapper\"><figure class=\"elementor-image-box-img\"><a href=\"http:\/\/dorianmeunier.dmeunier.dev-campus.fr\" tabindex=\"-1\"><img loading=\"lazy\" decoding=\"async\" width=\"1854\" height=\"947\" src=\"https:\/\/dmeunier.dev-campus.fr\/wp-content\/uploads\/2025\/06\/image_2025-06-21_115249051.png\" class=\"attachment-full size-full wp-image-196\" alt=\"\" srcset=\"https:\/\/dmeunier.dev-campus.fr\/wp-content\/uploads\/2025\/06\/image_2025-06-21_115249051.png 1854w, https:\/\/dmeunier.dev-campus.fr\/wp-content\/uploads\/2025\/06\/image_2025-06-21_115249051-300x153.png 300w, https:\/\/dmeunier.dev-campus.fr\/wp-content\/uploads\/2025\/06\/image_2025-06-21_115249051-1024x523.png 1024w, https:\/\/dmeunier.dev-campus.fr\/wp-content\/uploads\/2025\/06\/image_2025-06-21_115249051-768x392.png 768w, https:\/\/dmeunier.dev-campus.fr\/wp-content\/uploads\/2025\/06\/image_2025-06-21_115249051-1536x785.png 1536w, https:\/\/dmeunier.dev-campus.fr\/wp-content\/uploads\/2025\/06\/image_2025-06-21_115249051-1320x674.png 1320w\" sizes=\"(max-width: 1854px) 100vw, 1854px\" \/><\/a><\/figure><div class=\"elementor-image-box-content\"><h3 class=\"elementor-image-box-title\"><a href=\"http:\/\/dorianmeunier.dmeunier.dev-campus.fr\">Site internet S\u00e9raphin Paris<\/a><\/h3><p class=\"elementor-image-box-description\">Sur ce projet, il fallait cr\u00e9er un site internet en langage de programmation (HTML et CSS) pour une chocolaterie \u00e0 l'aide de l'application PHP Storm.<\/p><\/div><\/div>\t\t\t\t<\/div>\n\t\t\t\t<\/div>\n\t\t\t\t<div class=\"elementor-element elementor-element-2d34c6c elementor-position-top elementor-widget elementor-widget-image-box\" data-id=\"2d34c6c\" data-element_type=\"widget\" data-e-type=\"widget\" data-widget_type=\"image-box.default\">\n\t\t\t\t<div class=\"elementor-widget-container\">\n\t\t\t\t\t<div class=\"elementor-image-box-wrapper\"><figure class=\"elementor-image-box-img\"><a href=\"http:\/\/localhost:63342\/sio2426pokeapi\/index.html?_ijt=onuejvbppp0ur8f2k8rqeh8tl5&#038;_ij_reload=RELOAD_ON_SAVE\" tabindex=\"-1\"><img loading=\"lazy\" decoding=\"async\" width=\"1198\" height=\"672\" src=\"https:\/\/dmeunier.dev-campus.fr\/wp-content\/uploads\/2025\/06\/image_2025-06-21_115407526.png\" class=\"attachment-full size-full wp-image-198\" alt=\"\" srcset=\"https:\/\/dmeunier.dev-campus.fr\/wp-content\/uploads\/2025\/06\/image_2025-06-21_115407526.png 1198w, https:\/\/dmeunier.dev-campus.fr\/wp-content\/uploads\/2025\/06\/image_2025-06-21_115407526-300x168.png 300w, https:\/\/dmeunier.dev-campus.fr\/wp-content\/uploads\/2025\/06\/image_2025-06-21_115407526-1024x574.png 1024w, https:\/\/dmeunier.dev-campus.fr\/wp-content\/uploads\/2025\/06\/image_2025-06-21_115407526-768x431.png 768w\" sizes=\"(max-width: 1198px) 100vw, 1198px\" \/><\/a><\/figure><div class=\"elementor-image-box-content\"><h3 class=\"elementor-image-box-title\"><a href=\"http:\/\/localhost:63342\/sio2426pokeapi\/index.html?_ijt=onuejvbppp0ur8f2k8rqeh8tl5&#038;_ij_reload=RELOAD_ON_SAVE\">Veille Th\u00e9matique<\/a><\/h3><p class=\"elementor-image-box-description\">Durant ce projet, nous avions une question et nous devions, pendant 5 mois, envoyer des newsletters pour suivre nos recherches, puis faire une pr\u00e9sentation de cette probl\u00e9matique.<\/p><\/div><\/div>\t\t\t\t<\/div>\n\t\t\t\t<\/div>\n\t\t\t\t<div class=\"elementor-element elementor-element-2eb5006 elementor-position-top elementor-widget elementor-widget-image-box\" data-id=\"2eb5006\" data-element_type=\"widget\" data-e-type=\"widget\" data-widget_type=\"image-box.default\">\n\t\t\t\t<div class=\"elementor-widget-container\">\n\t\t\t\t\t<div class=\"elementor-image-box-wrapper\"><figure class=\"elementor-image-box-img\"><a href=\"http:\/\/localhost:63342\/sio2426pokeapi\/index.html?_ijt=onuejvbppp0ur8f2k8rqeh8tl5&#038;_ij_reload=RELOAD_ON_SAVE\" tabindex=\"-1\"><img loading=\"lazy\" decoding=\"async\" width=\"1331\" height=\"1018\" src=\"https:\/\/dmeunier.dev-campus.fr\/wp-content\/uploads\/2026\/04\/Schema-reseau-.png\" class=\"attachment-full size-full wp-image-308\" alt=\"\" srcset=\"https:\/\/dmeunier.dev-campus.fr\/wp-content\/uploads\/2026\/04\/Schema-reseau-.png 1331w, https:\/\/dmeunier.dev-campus.fr\/wp-content\/uploads\/2026\/04\/Schema-reseau--300x229.png 300w, https:\/\/dmeunier.dev-campus.fr\/wp-content\/uploads\/2026\/04\/Schema-reseau--1024x783.png 1024w, https:\/\/dmeunier.dev-campus.fr\/wp-content\/uploads\/2026\/04\/Schema-reseau--768x587.png 768w, https:\/\/dmeunier.dev-campus.fr\/wp-content\/uploads\/2026\/04\/Schema-reseau--1320x1010.png 1320w\" sizes=\"(max-width: 1331px) 100vw, 1331px\" \/><\/a><\/figure><div class=\"elementor-image-box-content\"><h3 class=\"elementor-image-box-title\"><a href=\"http:\/\/localhost:63342\/sio2426pokeapi\/index.html?_ijt=onuejvbppp0ur8f2k8rqeh8tl5&#038;_ij_reload=RELOAD_ON_SAVE\">Projet Centre SIO<\/a><\/h3><p class=\"elementor-image-box-description\">Le projet a pour objectif de faire un centre de formation avec 2 sites distant. Tout en suivant un cahier des charge. <\/p><\/div><\/div>\t\t\t\t<\/div>\n\t\t\t\t<\/div>\n\t\t\t\t\t<\/div>\n\t\t\t\t<\/div>\n\t\t<div class=\"elementor-element elementor-element-b587976 e-flex e-con-boxed e-con e-parent\" data-id=\"b587976\" data-element_type=\"container\" data-e-type=\"container\">\n\t\t\t\t\t<div class=\"e-con-inner\">\n\t\t\t\t\t<\/div>\n\t\t\t\t<\/div>\n\t\t\t\t<\/div>\n\t\t","protected":false},"excerpt":{"rendered":"<p>Mes projets d&rsquo;entreprise Migration de poste vers Windows 11 Sur les sites de Ch\u00e2teauroux, il y a certains ordinateurs qui ne sont pas encore sous Windows 11. Mon projet est de faire le tableau avec la liste des ordinateurs \u00e0 mettre \u00e0 jour, de planifier les mises \u00e0 jour et pour finir de les lancer. [&hellip;]<\/p>\n","protected":false},"author":1,"featured_media":0,"parent":0,"menu_order":0,"comment_status":"closed","ping_status":"closed","template":"","meta":{"footnotes":""},"class_list":["post-60","page","type-page","status-publish","hentry"],"_links":{"self":[{"href":"https:\/\/dmeunier.dev-campus.fr\/index.php?rest_route=\/wp\/v2\/pages\/60","targetHints":{"allow":["GET"]}}],"collection":[{"href":"https:\/\/dmeunier.dev-campus.fr\/index.php?rest_route=\/wp\/v2\/pages"}],"about":[{"href":"https:\/\/dmeunier.dev-campus.fr\/index.php?rest_route=\/wp\/v2\/types\/page"}],"author":[{"embeddable":true,"href":"https:\/\/dmeunier.dev-campus.fr\/index.php?rest_route=\/wp\/v2\/users\/1"}],"replies":[{"embeddable":true,"href":"https:\/\/dmeunier.dev-campus.fr\/index.php?rest_route=%2Fwp%2Fv2%2Fcomments&post=60"}],"version-history":[{"count":40,"href":"https:\/\/dmeunier.dev-campus.fr\/index.php?rest_route=\/wp\/v2\/pages\/60\/revisions"}],"predecessor-version":[{"id":311,"href":"https:\/\/dmeunier.dev-campus.fr\/index.php?rest_route=\/wp\/v2\/pages\/60\/revisions\/311"}],"wp:attachment":[{"href":"https:\/\/dmeunier.dev-campus.fr\/index.php?rest_route=%2Fwp%2Fv2%2Fmedia&parent=60"}],"curies":[{"name":"wp","href":"https:\/\/api.w.org\/{rel}","templated":true}]}}